{"id":1002,"date":"2022-03-16T16:41:51","date_gmt":"2022-03-16T15:41:51","guid":{"rendered":"https:\/\/annunziata.ms.decms.eu\/?page_id=1002"},"modified":"2022-03-16T16:41:51","modified_gmt":"2022-03-16T15:41:51","slug":"la-porta-della-chiesa","status":"publish","type":"page","link":"https:\/\/www.annunziata.it\/en\/tips\/la-porta-della-chiesa\/","title":{"rendered":"La porta della chiesa"},"content":{"rendered":"<p>Questa chicca \u00e8 la mia chicca. E\u2019 una cosa strana ma se ci pensate alla fine di questa storia \u00e8 veramente una perla che pochi conoscono ma forse perch\u00e8 siamo sempre di meno a camminare a testa alta per scoprire tutto quello che ci circonda. Esiste una porta di una chiesa nel centro di Ferarra. Da un anno, purtroppo solo uno, ogni mese mi fermo davanti a questa porta e scatto una fotografia. Perch\u00e8? perch\u00e8 questa porta \u00e8 il bersaglio di alcuni giovani che puntualmente ogni tanto ci scrivono o ci disegnano sopra. Ma questa operazione che fanno in realt\u00e0 per me \u00e8 come un\u2019opera d\u2019arte in continuo divenire, una trasformazione continua che per\u00f2 riesce sempre a conservare piccole tracce del passato. Io ho una passione per questa porta e ogni volta che guardo le fotografie del passato trovo sempre un dettaglio che mi era sfuggito ma trovo anche cose buffe. Passate anche voi in via dei teatini e guardate questa porta con occhi diversi. E la cosa curiosa \u00e8 che la piccola vetrina del vecchio negozio d\u2019antiquariato Il Tarlo anche lei sta diventando un\u2019opera d\u2019arte in divenire. Anche lei imbrattata di scritte e disegni che si aggiungo con il tempo. Ecco la piccola storia della porta della chiesa.<\/p>\n","protected":false},"excerpt":{"rendered":"<p>Questa chicca \u00e8 la mia chicca. E\u2019 una cosa strana ma se ci pensate alla fine di questa storia \u00e8 veramente una perla che pochi conoscono ma forse perch\u00e8 siamo sempre di meno a camminare a testa alta per scoprire tutto quello che ci circonda. Esiste una porta di una chiesa nel centro di Ferarra. [&hellip;]<\/p>\n","protected":false},"author":13,"featured_media":0,"parent":881,"menu_order":320,"comment_status":"closed","ping_status":"closed","template":"template-default-4.php","meta":{"footnotes":""},"class_list":["post-1002","page","type-page","status-publish","hentry"],"yoast_head":"<!-- This site is optimized with the Yoast SEO plugin v26.9 - https:\/\/yoast.com\/product\/yoast-seo-wordpress\/ -->\n<title>La porta della chiesa ~ Hotel Annunziata ~<\/title>\n<meta name=\"description\" content=\"Questa chicca \u00e8 la mia chicca. E\u2019 una cosa strana ma se ci pensate alla fine di questa storia \u00e8 veramente una perla che pochi conoscono ma forse perch\u00e8 siamo sempre di meno a camminare a testa alta per scoprire tutto quello che ci circonda\" \/>\n<meta name=\"robots\" content=\"index, follow, max-snippet:-1, max-image-preview:large, max-video-preview:-1\" \/>\n<link rel=\"canonical\" href=\"https:\/\/www.annunziata.it\/en\/tips\/la-porta-della-chiesa\/\" \/>\n<meta property=\"og:locale\" content=\"en_US\" \/>\n<meta property=\"og:type\" content=\"article\" \/>\n<meta property=\"og:title\" content=\"La porta della chiesa ~ Hotel Annunziata ~\" \/>\n<meta property=\"og:description\" content=\"Questa chicca \u00e8 la mia chicca. E\u2019 una cosa strana ma se ci pensate alla fine di questa storia \u00e8 veramente una perla che pochi conoscono ma forse perch\u00e8 siamo sempre di meno a camminare a testa alta per scoprire tutto quello che ci circonda\" \/>\n<meta property=\"og:url\" content=\"https:\/\/www.annunziata.it\/en\/tips\/la-porta-della-chiesa\/\" \/>\n<meta property=\"og:site_name\" content=\"Hotel Annunziata\" \/>\n<meta name=\"twitter:card\" content=\"summary_large_image\" \/>\n<meta name=\"twitter:label1\" content=\"Est. reading time\" \/>\n\t<meta name=\"twitter:data1\" content=\"1 minute\" \/>\n<script type=\"application\/ld+json\" class=\"yoast-schema-graph\">{\"@context\":\"https:\/\/schema.org\",\"@graph\":[{\"@type\":\"WebPage\",\"@id\":\"https:\/\/www.annunziata.it\/en\/tips\/la-porta-della-chiesa\/\",\"url\":\"https:\/\/www.annunziata.it\/en\/tips\/la-porta-della-chiesa\/\",\"name\":\"La porta della chiesa ~ Hotel Annunziata ~\",\"isPartOf\":{\"@id\":\"https:\/\/www.annunziata.it\/en\/#website\"},\"datePublished\":\"2022-03-16T15:41:51+00:00\",\"description\":\"Questa chicca \u00e8 la mia chicca. E\u2019 una cosa strana ma se ci pensate alla fine di questa storia \u00e8 veramente una perla che pochi conoscono ma forse perch\u00e8 siamo sempre di meno a camminare a testa alta per scoprire tutto quello che ci circonda\",\"breadcrumb\":{\"@id\":\"https:\/\/www.annunziata.it\/en\/tips\/la-porta-della-chiesa\/#breadcrumb\"},\"inLanguage\":\"en-US\",\"potentialAction\":[{\"@type\":\"ReadAction\",\"target\":[\"https:\/\/www.annunziata.it\/en\/tips\/la-porta-della-chiesa\/\"]}]},{\"@type\":\"BreadcrumbList\",\"@id\":\"https:\/\/www.annunziata.it\/en\/tips\/la-porta-della-chiesa\/#breadcrumb\",\"itemListElement\":[{\"@type\":\"ListItem\",\"position\":1,\"name\":\"Home\",\"item\":\"https:\/\/www.annunziata.it\/en\/\"},{\"@type\":\"ListItem\",\"position\":2,\"name\":\"TIPS\",\"item\":\"https:\/\/www.annunziata.it\/en\/tips\/\"},{\"@type\":\"ListItem\",\"position\":3,\"name\":\"La porta della chiesa\"}]},{\"@type\":\"WebSite\",\"@id\":\"https:\/\/www.annunziata.it\/en\/#website\",\"url\":\"https:\/\/www.annunziata.it\/en\/\",\"name\":\"Hotel Annunziata\",\"description\":\"Ecco un altro sito ms.decms.eu\",\"potentialAction\":[{\"@type\":\"SearchAction\",\"target\":{\"@type\":\"EntryPoint\",\"urlTemplate\":\"https:\/\/www.annunziata.it\/en\/?s={search_term_string}\"},\"query-input\":{\"@type\":\"PropertyValueSpecification\",\"valueRequired\":true,\"valueName\":\"search_term_string\"}}],\"inLanguage\":\"en-US\"}]}<\/script>\n<!-- \/ Yoast SEO plugin. -->","yoast_head_json":{"title":"La porta della chiesa ~ Hotel Annunziata ~","description":"Questa chicca \u00e8 la mia chicca. E\u2019 una cosa strana ma se ci pensate alla fine di questa storia \u00e8 veramente una perla che pochi conoscono ma forse perch\u00e8 siamo sempre di meno a camminare a testa alta per scoprire tutto quello che ci circonda","robots":{"index":"index","follow":"follow","max-snippet":"max-snippet:-1","max-image-preview":"max-image-preview:large","max-video-preview":"max-video-preview:-1"},"canonical":"https:\/\/www.annunziata.it\/en\/tips\/la-porta-della-chiesa\/","og_locale":"en_US","og_type":"article","og_title":"La porta della chiesa ~ Hotel Annunziata ~","og_description":"Questa chicca \u00e8 la mia chicca. E\u2019 una cosa strana ma se ci pensate alla fine di questa storia \u00e8 veramente una perla che pochi conoscono ma forse perch\u00e8 siamo sempre di meno a camminare a testa alta per scoprire tutto quello che ci circonda","og_url":"https:\/\/www.annunziata.it\/en\/tips\/la-porta-della-chiesa\/","og_site_name":"Hotel Annunziata","twitter_card":"summary_large_image","twitter_misc":{"Est. reading time":"1 minute"},"schema":{"@context":"https:\/\/schema.org","@graph":[{"@type":"WebPage","@id":"https:\/\/www.annunziata.it\/en\/tips\/la-porta-della-chiesa\/","url":"https:\/\/www.annunziata.it\/en\/tips\/la-porta-della-chiesa\/","name":"La porta della chiesa ~ Hotel Annunziata ~","isPartOf":{"@id":"https:\/\/www.annunziata.it\/en\/#website"},"datePublished":"2022-03-16T15:41:51+00:00","description":"Questa chicca \u00e8 la mia chicca. E\u2019 una cosa strana ma se ci pensate alla fine di questa storia \u00e8 veramente una perla che pochi conoscono ma forse perch\u00e8 siamo sempre di meno a camminare a testa alta per scoprire tutto quello che ci circonda","breadcrumb":{"@id":"https:\/\/www.annunziata.it\/en\/tips\/la-porta-della-chiesa\/#breadcrumb"},"inLanguage":"en-US","potentialAction":[{"@type":"ReadAction","target":["https:\/\/www.annunziata.it\/en\/tips\/la-porta-della-chiesa\/"]}]},{"@type":"BreadcrumbList","@id":"https:\/\/www.annunziata.it\/en\/tips\/la-porta-della-chiesa\/#breadcrumb","itemListElement":[{"@type":"ListItem","position":1,"name":"Home","item":"https:\/\/www.annunziata.it\/en\/"},{"@type":"ListItem","position":2,"name":"TIPS","item":"https:\/\/www.annunziata.it\/en\/tips\/"},{"@type":"ListItem","position":3,"name":"La porta della chiesa"}]},{"@type":"WebSite","@id":"https:\/\/www.annunziata.it\/en\/#website","url":"https:\/\/www.annunziata.it\/en\/","name":"Hotel Annunziata","description":"Ecco un altro sito ms.decms.eu","potentialAction":[{"@type":"SearchAction","target":{"@type":"EntryPoint","urlTemplate":"https:\/\/www.annunziata.it\/en\/?s={search_term_string}"},"query-input":{"@type":"PropertyValueSpecification","valueRequired":true,"valueName":"search_term_string"}}],"inLanguage":"en-US"}]}},"acf":[],"_links":{"self":[{"href":"https:\/\/www.annunziata.it\/en\/wp-json\/wp\/v2\/pages\/1002","targetHints":{"allow":["GET"]}}],"collection":[{"href":"https:\/\/www.annunziata.it\/en\/wp-json\/wp\/v2\/pages"}],"about":[{"href":"https:\/\/www.annunziata.it\/en\/wp-json\/wp\/v2\/types\/page"}],"author":[{"embeddable":true,"href":"https:\/\/www.annunziata.it\/en\/wp-json\/wp\/v2\/users\/13"}],"replies":[{"embeddable":true,"href":"https:\/\/www.annunziata.it\/en\/wp-json\/wp\/v2\/comments?post=1002"}],"version-history":[{"count":0,"href":"https:\/\/www.annunziata.it\/en\/wp-json\/wp\/v2\/pages\/1002\/revisions"}],"up":[{"embeddable":true,"href":"https:\/\/www.annunziata.it\/en\/wp-json\/wp\/v2\/pages\/881"}],"wp:attachment":[{"href":"https:\/\/www.annunziata.it\/en\/wp-json\/wp\/v2\/media?parent=1002"}],"curies":[{"name":"wp","href":"https:\/\/api.w.org\/{rel}","templated":true}]}}