{"id":984,"date":"2022-03-16T16:34:59","date_gmt":"2022-03-16T15:34:59","guid":{"rendered":"https:\/\/annunziata.ms.decms.eu\/?page_id=984"},"modified":"2022-03-16T16:35:16","modified_gmt":"2022-03-16T15:35:16","slug":"una-cassa-del-1889-e-il-fratello-di-de-pisis","status":"publish","type":"page","link":"https:\/\/www.annunziata.it\/en\/tips\/una-cassa-del-1889-e-il-fratello-di-de-pisis\/","title":{"rendered":"Una cassa del 1889 e il fratello di DE PISIS"},"content":{"rendered":"<p>Pensate \u00e8 a soli 20 metri dall\u2019hotel e l\u2019ho scoperta da qualche giorno questa chicca <img decoding=\"async\" class=\"wp-smiley\" src=\"https:\/\/www.annunziata.it\/wp-includes\/images\/smilies\/icon_smile.gif\" alt=\":)\" \/> La CARTOLIBRERIA SOCIALE nasce nel 1881 proprio sotto il Palazzo Arcivescovile. Poi per una serie di vicissitudini riapre nel 1889 in Corso Martiri della Libert\u00e0, in posizione centralissima. I mobili, tutti creati su misura, gi\u00e0 allora contemplavano la presenza di un bellissimo bancone stile dec\u00f2 originale, intarsiato da Ugo Rossetti e di una meravigliosa cassa meccanica. Bene questa cassa fu utilizzata per battere i conti da Peppino Tibertelli, fratello del famoso DE PISIS. Bene, ora la CARTOLERIA SOCIALE, da alcuni anni si \u00e8 trasferita in piazza Repubblica, proprio qui dove ci siamo noi, a soli 20 metri dall\u2019Annunziata. Questa piccola chicca merita un visita per ammirare il banco, la cassa, due vecchie lampade ad olio e alcune chicche come una fotografia storica di piazza della Repubblica che Anita Stocchetti sar\u00e0 felicissima di mostravi.<\/p>\n","protected":false},"excerpt":{"rendered":"<p>Pensate \u00e8 a soli 20 metri dall\u2019hotel e l\u2019ho scoperta da qualche giorno questa chicca La CARTOLIBRERIA SOCIALE nasce nel 1881 proprio sotto il Palazzo Arcivescovile. Poi per una serie di vicissitudini riapre nel 1889 in Corso Martiri della Libert\u00e0, in posizione centralissima. I mobili, tutti creati su misura, gi\u00e0 allora contemplavano la presenza di [&hellip;]<\/p>\n","protected":false},"author":13,"featured_media":0,"parent":881,"menu_order":190,"comment_status":"closed","ping_status":"closed","template":"template-default-4.php","meta":{"footnotes":""},"class_list":["post-984","page","type-page","status-publish","hentry"],"yoast_head":"<!-- This site is optimized with the Yoast SEO plugin v26.9 - https:\/\/yoast.com\/product\/yoast-seo-wordpress\/ -->\n<title>Una cassa del 1889 e il fratello di DE PISIS ~ Hotel Annunziata ~<\/title>\n<meta name=\"description\" content=\"Pensate \u00e8 a soli 20 metri dall\u2019hotel e l\u2019ho scoperta da qualche giorno questa chicca  La CARTOLIBRERIA SOCIALE nasce nel 1881 proprio sotto il Palazzo Arcivescovile. Poi per una serie di vicissitudini riapre nel 1889 in Corso Martiri della Libert\u00e0, in posizione centralissima\" \/>\n<meta name=\"robots\" content=\"index, follow, max-snippet:-1, max-image-preview:large, max-video-preview:-1\" \/>\n<link rel=\"canonical\" href=\"https:\/\/www.annunziata.it\/en\/tips\/una-cassa-del-1889-e-il-fratello-di-de-pisis\/\" \/>\n<meta property=\"og:locale\" content=\"en_US\" \/>\n<meta property=\"og:type\" content=\"article\" \/>\n<meta property=\"og:title\" content=\"Una cassa del 1889 e il fratello di DE PISIS ~ Hotel Annunziata ~\" \/>\n<meta property=\"og:description\" content=\"Pensate \u00e8 a soli 20 metri dall\u2019hotel e l\u2019ho scoperta da qualche giorno questa chicca  La CARTOLIBRERIA SOCIALE nasce nel 1881 proprio sotto il Palazzo Arcivescovile. Poi per una serie di vicissitudini riapre nel 1889 in Corso Martiri della Libert\u00e0, in posizione centralissima\" \/>\n<meta property=\"og:url\" content=\"https:\/\/www.annunziata.it\/en\/tips\/una-cassa-del-1889-e-il-fratello-di-de-pisis\/\" \/>\n<meta property=\"og:site_name\" content=\"Hotel Annunziata\" \/>\n<meta property=\"article:modified_time\" content=\"2022-03-16T15:35:16+00:00\" \/>\n<meta property=\"og:image\" content=\"https:\/\/www.annunziata.it\/wp-includes\/images\/smilies\/icon_smile.gif\" \/>\n<meta name=\"twitter:card\" content=\"summary_large_image\" \/>\n<meta name=\"twitter:label1\" content=\"Est. reading time\" \/>\n\t<meta name=\"twitter:data1\" content=\"1 minute\" \/>\n<script type=\"application\/ld+json\" class=\"yoast-schema-graph\">{\"@context\":\"https:\/\/schema.org\",\"@graph\":[{\"@type\":\"WebPage\",\"@id\":\"https:\/\/www.annunziata.it\/en\/tips\/una-cassa-del-1889-e-il-fratello-di-de-pisis\/\",\"url\":\"https:\/\/www.annunziata.it\/en\/tips\/una-cassa-del-1889-e-il-fratello-di-de-pisis\/\",\"name\":\"Una cassa del 1889 e il fratello di DE PISIS ~ Hotel Annunziata ~\",\"isPartOf\":{\"@id\":\"https:\/\/www.annunziata.it\/en\/#website\"},\"primaryImageOfPage\":{\"@id\":\"https:\/\/www.annunziata.it\/en\/tips\/una-cassa-del-1889-e-il-fratello-di-de-pisis\/#primaryimage\"},\"image\":{\"@id\":\"https:\/\/www.annunziata.it\/en\/tips\/una-cassa-del-1889-e-il-fratello-di-de-pisis\/#primaryimage\"},\"thumbnailUrl\":\"https:\/\/www.annunziata.it\/wp-includes\/images\/smilies\/icon_smile.gif\",\"datePublished\":\"2022-03-16T15:34:59+00:00\",\"dateModified\":\"2022-03-16T15:35:16+00:00\",\"description\":\"Pensate \u00e8 a soli 20 metri dall\u2019hotel e l\u2019ho scoperta da qualche giorno questa chicca La CARTOLIBRERIA SOCIALE nasce nel 1881 proprio sotto il Palazzo Arcivescovile. Poi per una serie di vicissitudini riapre nel 1889 in Corso Martiri della Libert\u00e0, in posizione centralissima\",\"breadcrumb\":{\"@id\":\"https:\/\/www.annunziata.it\/en\/tips\/una-cassa-del-1889-e-il-fratello-di-de-pisis\/#breadcrumb\"},\"inLanguage\":\"en-US\",\"potentialAction\":[{\"@type\":\"ReadAction\",\"target\":[\"https:\/\/www.annunziata.it\/en\/tips\/una-cassa-del-1889-e-il-fratello-di-de-pisis\/\"]}]},{\"@type\":\"ImageObject\",\"inLanguage\":\"en-US\",\"@id\":\"https:\/\/www.annunziata.it\/en\/tips\/una-cassa-del-1889-e-il-fratello-di-de-pisis\/#primaryimage\",\"url\":\"https:\/\/www.annunziata.it\/wp-includes\/images\/smilies\/icon_smile.gif\",\"contentUrl\":\"https:\/\/www.annunziata.it\/wp-includes\/images\/smilies\/icon_smile.gif\"},{\"@type\":\"BreadcrumbList\",\"@id\":\"https:\/\/www.annunziata.it\/en\/tips\/una-cassa-del-1889-e-il-fratello-di-de-pisis\/#breadcrumb\",\"itemListElement\":[{\"@type\":\"ListItem\",\"position\":1,\"name\":\"Home\",\"item\":\"https:\/\/www.annunziata.it\/en\/\"},{\"@type\":\"ListItem\",\"position\":2,\"name\":\"TIPS\",\"item\":\"https:\/\/www.annunziata.it\/en\/tips\/\"},{\"@type\":\"ListItem\",\"position\":3,\"name\":\"Una cassa del 1889 e il fratello di DE PISIS\"}]},{\"@type\":\"WebSite\",\"@id\":\"https:\/\/www.annunziata.it\/en\/#website\",\"url\":\"https:\/\/www.annunziata.it\/en\/\",\"name\":\"Hotel Annunziata\",\"description\":\"Ecco un altro sito ms.decms.eu\",\"potentialAction\":[{\"@type\":\"SearchAction\",\"target\":{\"@type\":\"EntryPoint\",\"urlTemplate\":\"https:\/\/www.annunziata.it\/en\/?s={search_term_string}\"},\"query-input\":{\"@type\":\"PropertyValueSpecification\",\"valueRequired\":true,\"valueName\":\"search_term_string\"}}],\"inLanguage\":\"en-US\"}]}<\/script>\n<!-- \/ Yoast SEO plugin. -->","yoast_head_json":{"title":"Una cassa del 1889 e il fratello di DE PISIS ~ Hotel Annunziata ~","description":"Pensate \u00e8 a soli 20 metri dall\u2019hotel e l\u2019ho scoperta da qualche giorno questa chicca  La CARTOLIBRERIA SOCIALE nasce nel 1881 proprio sotto il Palazzo Arcivescovile. Poi per una serie di vicissitudini riapre nel 1889 in Corso Martiri della Libert\u00e0, in posizione centralissima","robots":{"index":"index","follow":"follow","max-snippet":"max-snippet:-1","max-image-preview":"max-image-preview:large","max-video-preview":"max-video-preview:-1"},"canonical":"https:\/\/www.annunziata.it\/en\/tips\/una-cassa-del-1889-e-il-fratello-di-de-pisis\/","og_locale":"en_US","og_type":"article","og_title":"Una cassa del 1889 e il fratello di DE PISIS ~ Hotel Annunziata ~","og_description":"Pensate \u00e8 a soli 20 metri dall\u2019hotel e l\u2019ho scoperta da qualche giorno questa chicca  La CARTOLIBRERIA SOCIALE nasce nel 1881 proprio sotto il Palazzo Arcivescovile. Poi per una serie di vicissitudini riapre nel 1889 in Corso Martiri della Libert\u00e0, in posizione centralissima","og_url":"https:\/\/www.annunziata.it\/en\/tips\/una-cassa-del-1889-e-il-fratello-di-de-pisis\/","og_site_name":"Hotel Annunziata","article_modified_time":"2022-03-16T15:35:16+00:00","og_image":[{"url":"https:\/\/www.annunziata.it\/wp-includes\/images\/smilies\/icon_smile.gif","type":"","width":"","height":""}],"twitter_card":"summary_large_image","twitter_misc":{"Est. reading time":"1 minute"},"schema":{"@context":"https:\/\/schema.org","@graph":[{"@type":"WebPage","@id":"https:\/\/www.annunziata.it\/en\/tips\/una-cassa-del-1889-e-il-fratello-di-de-pisis\/","url":"https:\/\/www.annunziata.it\/en\/tips\/una-cassa-del-1889-e-il-fratello-di-de-pisis\/","name":"Una cassa del 1889 e il fratello di DE PISIS ~ Hotel Annunziata ~","isPartOf":{"@id":"https:\/\/www.annunziata.it\/en\/#website"},"primaryImageOfPage":{"@id":"https:\/\/www.annunziata.it\/en\/tips\/una-cassa-del-1889-e-il-fratello-di-de-pisis\/#primaryimage"},"image":{"@id":"https:\/\/www.annunziata.it\/en\/tips\/una-cassa-del-1889-e-il-fratello-di-de-pisis\/#primaryimage"},"thumbnailUrl":"https:\/\/www.annunziata.it\/wp-includes\/images\/smilies\/icon_smile.gif","datePublished":"2022-03-16T15:34:59+00:00","dateModified":"2022-03-16T15:35:16+00:00","description":"Pensate \u00e8 a soli 20 metri dall\u2019hotel e l\u2019ho scoperta da qualche giorno questa chicca La CARTOLIBRERIA SOCIALE nasce nel 1881 proprio sotto il Palazzo Arcivescovile. Poi per una serie di vicissitudini riapre nel 1889 in Corso Martiri della Libert\u00e0, in posizione centralissima","breadcrumb":{"@id":"https:\/\/www.annunziata.it\/en\/tips\/una-cassa-del-1889-e-il-fratello-di-de-pisis\/#breadcrumb"},"inLanguage":"en-US","potentialAction":[{"@type":"ReadAction","target":["https:\/\/www.annunziata.it\/en\/tips\/una-cassa-del-1889-e-il-fratello-di-de-pisis\/"]}]},{"@type":"ImageObject","inLanguage":"en-US","@id":"https:\/\/www.annunziata.it\/en\/tips\/una-cassa-del-1889-e-il-fratello-di-de-pisis\/#primaryimage","url":"https:\/\/www.annunziata.it\/wp-includes\/images\/smilies\/icon_smile.gif","contentUrl":"https:\/\/www.annunziata.it\/wp-includes\/images\/smilies\/icon_smile.gif"},{"@type":"BreadcrumbList","@id":"https:\/\/www.annunziata.it\/en\/tips\/una-cassa-del-1889-e-il-fratello-di-de-pisis\/#breadcrumb","itemListElement":[{"@type":"ListItem","position":1,"name":"Home","item":"https:\/\/www.annunziata.it\/en\/"},{"@type":"ListItem","position":2,"name":"TIPS","item":"https:\/\/www.annunziata.it\/en\/tips\/"},{"@type":"ListItem","position":3,"name":"Una cassa del 1889 e il fratello di DE PISIS"}]},{"@type":"WebSite","@id":"https:\/\/www.annunziata.it\/en\/#website","url":"https:\/\/www.annunziata.it\/en\/","name":"Hotel Annunziata","description":"Ecco un altro sito ms.decms.eu","potentialAction":[{"@type":"SearchAction","target":{"@type":"EntryPoint","urlTemplate":"https:\/\/www.annunziata.it\/en\/?s={search_term_string}"},"query-input":{"@type":"PropertyValueSpecification","valueRequired":true,"valueName":"search_term_string"}}],"inLanguage":"en-US"}]}},"acf":[],"_links":{"self":[{"href":"https:\/\/www.annunziata.it\/en\/wp-json\/wp\/v2\/pages\/984","targetHints":{"allow":["GET"]}}],"collection":[{"href":"https:\/\/www.annunziata.it\/en\/wp-json\/wp\/v2\/pages"}],"about":[{"href":"https:\/\/www.annunziata.it\/en\/wp-json\/wp\/v2\/types\/page"}],"author":[{"embeddable":true,"href":"https:\/\/www.annunziata.it\/en\/wp-json\/wp\/v2\/users\/13"}],"replies":[{"embeddable":true,"href":"https:\/\/www.annunziata.it\/en\/wp-json\/wp\/v2\/comments?post=984"}],"version-history":[{"count":0,"href":"https:\/\/www.annunziata.it\/en\/wp-json\/wp\/v2\/pages\/984\/revisions"}],"up":[{"embeddable":true,"href":"https:\/\/www.annunziata.it\/en\/wp-json\/wp\/v2\/pages\/881"}],"wp:attachment":[{"href":"https:\/\/www.annunziata.it\/en\/wp-json\/wp\/v2\/media?parent=984"}],"curies":[{"name":"wp","href":"https:\/\/api.w.org\/{rel}","templated":true}]}}