{"id":987,"date":"2022-03-16T16:36:27","date_gmt":"2022-03-16T15:36:27","guid":{"rendered":"https:\/\/annunziata.ms.decms.eu\/?page_id=987"},"modified":"2022-03-16T16:36:27","modified_gmt":"2022-03-16T15:36:27","slug":"volevo-fare-il-chitarrista-le-parole-di-francesco-il-liutaio-ferrarese","status":"publish","type":"page","link":"https:\/\/www.annunziata.it\/en\/tips\/volevo-fare-il-chitarrista-le-parole-di-francesco-il-liutaio-ferrarese\/","title":{"rendered":"\u201cVolevo fare il chitarrista\u201d \u2026 le parole di Francesco, il liutaio ferrarese"},"content":{"rendered":"<div class=\"description\">\n<div class=\"details\">\n<p>Spesso sono passato davanti alla sua piccola bottega in via Ripagrande e ogni volta il mio sguardo rimaneva incantato dalle sue chitarre esposte. Non perch\u00e8 io sia un chitarrista ma perch\u00e8 ritenevo quelle sue creazioni opere d\u2019arte. Cos\u00ec qualche giorno fa mi sono ripromesso di andare nella sua bottega per scattare qualche immagine con il mio smartphone e ho avuto un attimo di sconforto: la bottega era chiusa. Le opere di <strong>Francesco Bedini<\/strong> non c\u2019erano pi\u00f9. Immediatamente ho fatto una ricerca sul web e per fortuna quel sconforto \u00e8 passato perch\u00e8 Francesco aveva cambiato solo l\u2019indirizzo. E cos\u00ec mi sono diretto in viale Pola al numero 11. Francesco \u00e8 riservato e timido, forse pi\u00f9 di me, ma se siete degli appassionati di musica, strumenti e naturalmente chitarre abbandona la timidezza e vi racconta tutto su questo meraviglioso e affascinante mondo della liuteria. Una qualche curiosit\u00e0: \u201c<em>Max Marcolini, chitarrista che lavora con Zucchero, ha voluto una replica di una Fender uguale a quella di Jeff Beck. Un altro che porta in giro i miei strumenti \u00e8 il violinista dei Modena city Ramblers. Le ultime che ho creato le ha provate a Ferrara Giorgio Contrastini, che suona con Tiziano Ferro e Max Gazz\u00e8<\/em>\u201d<br \/>\nPer gli appassionati \u00e8 sicuramente una chicca da visitare.<br \/>\nScopri Francesco Bedini <a href=\"http:\/\/www.bedinicustomguitars.com\/\" target=\"_blank\" rel=\"noopener\">qui<\/a><\/p>\n<p>Ah dimenticavo Francesco non lo sa ancora ma vorrei proporgli di esporre le sue chitarre nella nostra gallery dell\u2019Annunziata perch\u00e8 arte non sono solo quadri, fotografie o scultura ma anche le sue creazioni sono vere opere d\u2019arte. Chiss\u00e0 se accetter\u00e0 questa mia proposta \u2026<\/p>\n<\/div>\n<\/div>\n","protected":false},"excerpt":{"rendered":"<p>Spesso sono passato davanti alla sua piccola bottega in via Ripagrande e ogni volta il mio sguardo rimaneva incantato dalle sue chitarre esposte. Non perch\u00e8 io sia un chitarrista ma perch\u00e8 ritenevo quelle sue creazioni opere d\u2019arte. Cos\u00ec qualche giorno fa mi sono ripromesso di andare nella sua bottega per scattare qualche immagine con il [&hellip;]<\/p>\n","protected":false},"author":13,"featured_media":0,"parent":881,"menu_order":220,"comment_status":"closed","ping_status":"closed","template":"template-default-4.php","meta":{"footnotes":""},"class_list":["post-987","page","type-page","status-publish","hentry"],"yoast_head":"<!-- This site is optimized with the Yoast SEO plugin v26.9 - https:\/\/yoast.com\/product\/yoast-seo-wordpress\/ -->\n<title>\u201cVolevo fare il chitarrista\u201d \u2026 le parole di Francesco, il liutaio ferrarese ~ Hotel Annunziata ~<\/title>\n<meta name=\"description\" content=\"Spesso sono passato davanti alla sua piccola bottega in via Ripagrande e ogni volta il mio sguardo rimaneva incantato dalle sue chitarre esposte. Non perch\u00e8 io sia un chitarrista ma perch\u00e8 ritenevo quelle sue creazioni opere d\u2019arte\" \/>\n<meta name=\"robots\" content=\"index, follow, max-snippet:-1, max-image-preview:large, max-video-preview:-1\" \/>\n<link rel=\"canonical\" href=\"https:\/\/www.annunziata.it\/en\/tips\/volevo-fare-il-chitarrista-le-parole-di-francesco-il-liutaio-ferrarese\/\" \/>\n<meta property=\"og:locale\" content=\"en_US\" \/>\n<meta property=\"og:type\" content=\"article\" \/>\n<meta property=\"og:title\" content=\"\u201cVolevo fare il chitarrista\u201d \u2026 le parole di Francesco, il liutaio ferrarese ~ Hotel Annunziata ~\" \/>\n<meta property=\"og:description\" content=\"Spesso sono passato davanti alla sua piccola bottega in via Ripagrande e ogni volta il mio sguardo rimaneva incantato dalle sue chitarre esposte. Non perch\u00e8 io sia un chitarrista ma perch\u00e8 ritenevo quelle sue creazioni opere d\u2019arte\" \/>\n<meta property=\"og:url\" content=\"https:\/\/www.annunziata.it\/en\/tips\/volevo-fare-il-chitarrista-le-parole-di-francesco-il-liutaio-ferrarese\/\" \/>\n<meta property=\"og:site_name\" content=\"Hotel Annunziata\" \/>\n<meta name=\"twitter:card\" content=\"summary_large_image\" \/>\n<meta name=\"twitter:label1\" content=\"Est. reading time\" \/>\n\t<meta name=\"twitter:data1\" content=\"1 minute\" \/>\n<script type=\"application\/ld+json\" class=\"yoast-schema-graph\">{\"@context\":\"https:\/\/schema.org\",\"@graph\":[{\"@type\":\"WebPage\",\"@id\":\"https:\/\/www.annunziata.it\/en\/tips\/volevo-fare-il-chitarrista-le-parole-di-francesco-il-liutaio-ferrarese\/\",\"url\":\"https:\/\/www.annunziata.it\/en\/tips\/volevo-fare-il-chitarrista-le-parole-di-francesco-il-liutaio-ferrarese\/\",\"name\":\"\u201cVolevo fare il chitarrista\u201d \u2026 le parole di Francesco, il liutaio ferrarese ~ Hotel Annunziata ~\",\"isPartOf\":{\"@id\":\"https:\/\/www.annunziata.it\/en\/#website\"},\"datePublished\":\"2022-03-16T15:36:27+00:00\",\"description\":\"Spesso sono passato davanti alla sua piccola bottega in via Ripagrande e ogni volta il mio sguardo rimaneva incantato dalle sue chitarre esposte. Non perch\u00e8 io sia un chitarrista ma perch\u00e8 ritenevo quelle sue creazioni opere d\u2019arte\",\"breadcrumb\":{\"@id\":\"https:\/\/www.annunziata.it\/en\/tips\/volevo-fare-il-chitarrista-le-parole-di-francesco-il-liutaio-ferrarese\/#breadcrumb\"},\"inLanguage\":\"en-US\",\"potentialAction\":[{\"@type\":\"ReadAction\",\"target\":[\"https:\/\/www.annunziata.it\/en\/tips\/volevo-fare-il-chitarrista-le-parole-di-francesco-il-liutaio-ferrarese\/\"]}]},{\"@type\":\"BreadcrumbList\",\"@id\":\"https:\/\/www.annunziata.it\/en\/tips\/volevo-fare-il-chitarrista-le-parole-di-francesco-il-liutaio-ferrarese\/#breadcrumb\",\"itemListElement\":[{\"@type\":\"ListItem\",\"position\":1,\"name\":\"Home\",\"item\":\"https:\/\/www.annunziata.it\/en\/\"},{\"@type\":\"ListItem\",\"position\":2,\"name\":\"TIPS\",\"item\":\"https:\/\/www.annunziata.it\/en\/tips\/\"},{\"@type\":\"ListItem\",\"position\":3,\"name\":\"\u201cVolevo fare il chitarrista\u201d \u2026 le parole di Francesco, il liutaio ferrarese\"}]},{\"@type\":\"WebSite\",\"@id\":\"https:\/\/www.annunziata.it\/en\/#website\",\"url\":\"https:\/\/www.annunziata.it\/en\/\",\"name\":\"Hotel Annunziata\",\"description\":\"Ecco un altro sito ms.decms.eu\",\"potentialAction\":[{\"@type\":\"SearchAction\",\"target\":{\"@type\":\"EntryPoint\",\"urlTemplate\":\"https:\/\/www.annunziata.it\/en\/?s={search_term_string}\"},\"query-input\":{\"@type\":\"PropertyValueSpecification\",\"valueRequired\":true,\"valueName\":\"search_term_string\"}}],\"inLanguage\":\"en-US\"}]}<\/script>\n<!-- \/ Yoast SEO plugin. -->","yoast_head_json":{"title":"\u201cVolevo fare il chitarrista\u201d \u2026 le parole di Francesco, il liutaio ferrarese ~ Hotel Annunziata ~","description":"Spesso sono passato davanti alla sua piccola bottega in via Ripagrande e ogni volta il mio sguardo rimaneva incantato dalle sue chitarre esposte. Non perch\u00e8 io sia un chitarrista ma perch\u00e8 ritenevo quelle sue creazioni opere d\u2019arte","robots":{"index":"index","follow":"follow","max-snippet":"max-snippet:-1","max-image-preview":"max-image-preview:large","max-video-preview":"max-video-preview:-1"},"canonical":"https:\/\/www.annunziata.it\/en\/tips\/volevo-fare-il-chitarrista-le-parole-di-francesco-il-liutaio-ferrarese\/","og_locale":"en_US","og_type":"article","og_title":"\u201cVolevo fare il chitarrista\u201d \u2026 le parole di Francesco, il liutaio ferrarese ~ Hotel Annunziata ~","og_description":"Spesso sono passato davanti alla sua piccola bottega in via Ripagrande e ogni volta il mio sguardo rimaneva incantato dalle sue chitarre esposte. Non perch\u00e8 io sia un chitarrista ma perch\u00e8 ritenevo quelle sue creazioni opere d\u2019arte","og_url":"https:\/\/www.annunziata.it\/en\/tips\/volevo-fare-il-chitarrista-le-parole-di-francesco-il-liutaio-ferrarese\/","og_site_name":"Hotel Annunziata","twitter_card":"summary_large_image","twitter_misc":{"Est. reading time":"1 minute"},"schema":{"@context":"https:\/\/schema.org","@graph":[{"@type":"WebPage","@id":"https:\/\/www.annunziata.it\/en\/tips\/volevo-fare-il-chitarrista-le-parole-di-francesco-il-liutaio-ferrarese\/","url":"https:\/\/www.annunziata.it\/en\/tips\/volevo-fare-il-chitarrista-le-parole-di-francesco-il-liutaio-ferrarese\/","name":"\u201cVolevo fare il chitarrista\u201d \u2026 le parole di Francesco, il liutaio ferrarese ~ Hotel Annunziata ~","isPartOf":{"@id":"https:\/\/www.annunziata.it\/en\/#website"},"datePublished":"2022-03-16T15:36:27+00:00","description":"Spesso sono passato davanti alla sua piccola bottega in via Ripagrande e ogni volta il mio sguardo rimaneva incantato dalle sue chitarre esposte. Non perch\u00e8 io sia un chitarrista ma perch\u00e8 ritenevo quelle sue creazioni opere d\u2019arte","breadcrumb":{"@id":"https:\/\/www.annunziata.it\/en\/tips\/volevo-fare-il-chitarrista-le-parole-di-francesco-il-liutaio-ferrarese\/#breadcrumb"},"inLanguage":"en-US","potentialAction":[{"@type":"ReadAction","target":["https:\/\/www.annunziata.it\/en\/tips\/volevo-fare-il-chitarrista-le-parole-di-francesco-il-liutaio-ferrarese\/"]}]},{"@type":"BreadcrumbList","@id":"https:\/\/www.annunziata.it\/en\/tips\/volevo-fare-il-chitarrista-le-parole-di-francesco-il-liutaio-ferrarese\/#breadcrumb","itemListElement":[{"@type":"ListItem","position":1,"name":"Home","item":"https:\/\/www.annunziata.it\/en\/"},{"@type":"ListItem","position":2,"name":"TIPS","item":"https:\/\/www.annunziata.it\/en\/tips\/"},{"@type":"ListItem","position":3,"name":"\u201cVolevo fare il chitarrista\u201d \u2026 le parole di Francesco, il liutaio ferrarese"}]},{"@type":"WebSite","@id":"https:\/\/www.annunziata.it\/en\/#website","url":"https:\/\/www.annunziata.it\/en\/","name":"Hotel Annunziata","description":"Ecco un altro sito ms.decms.eu","potentialAction":[{"@type":"SearchAction","target":{"@type":"EntryPoint","urlTemplate":"https:\/\/www.annunziata.it\/en\/?s={search_term_string}"},"query-input":{"@type":"PropertyValueSpecification","valueRequired":true,"valueName":"search_term_string"}}],"inLanguage":"en-US"}]}},"acf":[],"_links":{"self":[{"href":"https:\/\/www.annunziata.it\/en\/wp-json\/wp\/v2\/pages\/987","targetHints":{"allow":["GET"]}}],"collection":[{"href":"https:\/\/www.annunziata.it\/en\/wp-json\/wp\/v2\/pages"}],"about":[{"href":"https:\/\/www.annunziata.it\/en\/wp-json\/wp\/v2\/types\/page"}],"author":[{"embeddable":true,"href":"https:\/\/www.annunziata.it\/en\/wp-json\/wp\/v2\/users\/13"}],"replies":[{"embeddable":true,"href":"https:\/\/www.annunziata.it\/en\/wp-json\/wp\/v2\/comments?post=987"}],"version-history":[{"count":0,"href":"https:\/\/www.annunziata.it\/en\/wp-json\/wp\/v2\/pages\/987\/revisions"}],"up":[{"embeddable":true,"href":"https:\/\/www.annunziata.it\/en\/wp-json\/wp\/v2\/pages\/881"}],"wp:attachment":[{"href":"https:\/\/www.annunziata.it\/en\/wp-json\/wp\/v2\/media?parent=987"}],"curies":[{"name":"wp","href":"https:\/\/api.w.org\/{rel}","templated":true}]}}