{"id":991,"date":"2022-03-16T16:37:29","date_gmt":"2022-03-16T15:37:29","guid":{"rendered":"https:\/\/annunziata.ms.decms.eu\/?page_id=991"},"modified":"2022-03-16T16:38:29","modified_gmt":"2022-03-16T15:38:29","slug":"la-colonna-e-le-pietre-tombali","status":"publish","type":"page","link":"https:\/\/www.annunziata.it\/en\/tips\/la-colonna-e-le-pietre-tombali\/","title":{"rendered":"La Colonna e le Pietre Tombali"},"content":{"rendered":"<p>Durante la visita guidata al Ghetto Ebraico e al nuovissimo MEIS, Museo Nazionale dell\u2019Ebraismo Italiano e della Shoah, ho scoperto una curiosit\u00e0 che non conoscevo.<br \/>\nLa <strong>colonna di Borso d\u2019Este<\/strong>, che si trova alla sinistra del volto del Cavallo, di fronte alla Cattedrale, se la si osserva bene \u00e8 costruita a strati con marmo rosa di Verona e pietra bianca d\u2019Istria. Ma come mai??? nel 1716 un devastante incendio impone la ricostruzione della colonna, sostituendo gran parte delle pietre, e per reperire il materiale si ricorse ai cimiteri ebraici, utilizzando le antiche lapidi in pietra bianca d\u2019Istria. Ecco il perch\u00e8 dei due colori e dei due materiali. Del fatto rimasero pochissime testimonianze e si dimentic\u00f2 per lungo tempo fino a quando nel 1960 la colonna venne smontata per essere restaurata e si scopr\u00ec la verit\u00e0.<\/p>\n","protected":false},"excerpt":{"rendered":"<p>Durante la visita guidata al Ghetto Ebraico e al nuovissimo MEIS, Museo Nazionale dell\u2019Ebraismo Italiano e della Shoah, ho scoperto una curiosit\u00e0 che non conoscevo. La colonna di Borso d\u2019Este, che si trova alla sinistra del volto del Cavallo, di fronte alla Cattedrale, se la si osserva bene \u00e8 costruita a strati con marmo rosa [&hellip;]<\/p>\n","protected":false},"author":13,"featured_media":0,"parent":881,"menu_order":250,"comment_status":"closed","ping_status":"closed","template":"template-default-4.php","meta":{"footnotes":""},"class_list":["post-991","page","type-page","status-publish","hentry"],"yoast_head":"<!-- This site is optimized with the Yoast SEO plugin v26.9 - https:\/\/yoast.com\/product\/yoast-seo-wordpress\/ -->\n<title>La Colonna e le Pietre Tombali ~ Hotel Annunziata ~<\/title>\n<meta name=\"description\" content=\"Durante la visita guidata al Ghetto Ebraico e al nuovissimo MEIS, Museo Nazionale dell\u2019Ebraismo Italiano e della Shoah, ho scoperto una curiosit\u00e0 che non conoscevo. La colonna di Borso d\u2019Este, che si trova alla sinistra del volto del Cavallo, di fronte alla Cattedrale, se la si osserva bene \u00e8 costruita a strati con marmo rosa di Verona e pietra bianca d\u2019Istria. Ma come mai??? nel 1716 un devastante incendio impone la ricostruzione della colonna, sostituendo gran parte delle pietre, e per reperire il materiale si ricorse ai cimiteri ebraici, utilizzando le antiche lapidi in pietra bianca d\u2019Istria\" \/>\n<meta name=\"robots\" content=\"index, follow, max-snippet:-1, max-image-preview:large, max-video-preview:-1\" \/>\n<link rel=\"canonical\" href=\"https:\/\/www.annunziata.it\/en\/tips\/la-colonna-e-le-pietre-tombali\/\" \/>\n<meta property=\"og:locale\" content=\"en_US\" \/>\n<meta property=\"og:type\" content=\"article\" \/>\n<meta property=\"og:title\" content=\"La Colonna e le Pietre Tombali ~ Hotel Annunziata ~\" \/>\n<meta property=\"og:description\" content=\"Durante la visita guidata al Ghetto Ebraico e al nuovissimo MEIS, Museo Nazionale dell\u2019Ebraismo Italiano e della Shoah, ho scoperto una curiosit\u00e0 che non conoscevo. La colonna di Borso d\u2019Este, che si trova alla sinistra del volto del Cavallo, di fronte alla Cattedrale, se la si osserva bene \u00e8 costruita a strati con marmo rosa di Verona e pietra bianca d\u2019Istria. Ma come mai??? nel 1716 un devastante incendio impone la ricostruzione della colonna, sostituendo gran parte delle pietre, e per reperire il materiale si ricorse ai cimiteri ebraici, utilizzando le antiche lapidi in pietra bianca d\u2019Istria\" \/>\n<meta property=\"og:url\" content=\"https:\/\/www.annunziata.it\/en\/tips\/la-colonna-e-le-pietre-tombali\/\" \/>\n<meta property=\"og:site_name\" content=\"Hotel Annunziata\" \/>\n<meta property=\"article:modified_time\" content=\"2022-03-16T15:38:29+00:00\" \/>\n<meta name=\"twitter:card\" content=\"summary_large_image\" \/>\n<meta name=\"twitter:label1\" content=\"Est. reading time\" \/>\n\t<meta name=\"twitter:data1\" content=\"1 minute\" \/>\n<script type=\"application\/ld+json\" class=\"yoast-schema-graph\">{\"@context\":\"https:\/\/schema.org\",\"@graph\":[{\"@type\":\"WebPage\",\"@id\":\"https:\/\/www.annunziata.it\/en\/tips\/la-colonna-e-le-pietre-tombali\/\",\"url\":\"https:\/\/www.annunziata.it\/en\/tips\/la-colonna-e-le-pietre-tombali\/\",\"name\":\"La Colonna e le Pietre Tombali ~ Hotel Annunziata ~\",\"isPartOf\":{\"@id\":\"https:\/\/www.annunziata.it\/en\/#website\"},\"datePublished\":\"2022-03-16T15:37:29+00:00\",\"dateModified\":\"2022-03-16T15:38:29+00:00\",\"description\":\"Durante la visita guidata al Ghetto Ebraico e al nuovissimo MEIS, Museo Nazionale dell\u2019Ebraismo Italiano e della Shoah, ho scoperto una curiosit\u00e0 che non conoscevo. La colonna di Borso d\u2019Este, che si trova alla sinistra del volto del Cavallo, di fronte alla Cattedrale, se la si osserva bene \u00e8 costruita a strati con marmo rosa di Verona e pietra bianca d\u2019Istria. Ma come mai??? nel 1716 un devastante incendio impone la ricostruzione della colonna, sostituendo gran parte delle pietre, e per reperire il materiale si ricorse ai cimiteri ebraici, utilizzando le antiche lapidi in pietra bianca d\u2019Istria\",\"breadcrumb\":{\"@id\":\"https:\/\/www.annunziata.it\/en\/tips\/la-colonna-e-le-pietre-tombali\/#breadcrumb\"},\"inLanguage\":\"en-US\",\"potentialAction\":[{\"@type\":\"ReadAction\",\"target\":[\"https:\/\/www.annunziata.it\/en\/tips\/la-colonna-e-le-pietre-tombali\/\"]}]},{\"@type\":\"BreadcrumbList\",\"@id\":\"https:\/\/www.annunziata.it\/en\/tips\/la-colonna-e-le-pietre-tombali\/#breadcrumb\",\"itemListElement\":[{\"@type\":\"ListItem\",\"position\":1,\"name\":\"Home\",\"item\":\"https:\/\/www.annunziata.it\/en\/\"},{\"@type\":\"ListItem\",\"position\":2,\"name\":\"TIPS\",\"item\":\"https:\/\/www.annunziata.it\/en\/tips\/\"},{\"@type\":\"ListItem\",\"position\":3,\"name\":\"La Colonna e le Pietre Tombali\"}]},{\"@type\":\"WebSite\",\"@id\":\"https:\/\/www.annunziata.it\/en\/#website\",\"url\":\"https:\/\/www.annunziata.it\/en\/\",\"name\":\"Hotel Annunziata\",\"description\":\"Ecco un altro sito ms.decms.eu\",\"potentialAction\":[{\"@type\":\"SearchAction\",\"target\":{\"@type\":\"EntryPoint\",\"urlTemplate\":\"https:\/\/www.annunziata.it\/en\/?s={search_term_string}\"},\"query-input\":{\"@type\":\"PropertyValueSpecification\",\"valueRequired\":true,\"valueName\":\"search_term_string\"}}],\"inLanguage\":\"en-US\"}]}<\/script>\n<!-- \/ Yoast SEO plugin. -->","yoast_head_json":{"title":"La Colonna e le Pietre Tombali ~ Hotel Annunziata ~","description":"Durante la visita guidata al Ghetto Ebraico e al nuovissimo MEIS, Museo Nazionale dell\u2019Ebraismo Italiano e della Shoah, ho scoperto una curiosit\u00e0 che non conoscevo. La colonna di Borso d\u2019Este, che si trova alla sinistra del volto del Cavallo, di fronte alla Cattedrale, se la si osserva bene \u00e8 costruita a strati con marmo rosa di Verona e pietra bianca d\u2019Istria. Ma come mai??? nel 1716 un devastante incendio impone la ricostruzione della colonna, sostituendo gran parte delle pietre, e per reperire il materiale si ricorse ai cimiteri ebraici, utilizzando le antiche lapidi in pietra bianca d\u2019Istria","robots":{"index":"index","follow":"follow","max-snippet":"max-snippet:-1","max-image-preview":"max-image-preview:large","max-video-preview":"max-video-preview:-1"},"canonical":"https:\/\/www.annunziata.it\/en\/tips\/la-colonna-e-le-pietre-tombali\/","og_locale":"en_US","og_type":"article","og_title":"La Colonna e le Pietre Tombali ~ Hotel Annunziata ~","og_description":"Durante la visita guidata al Ghetto Ebraico e al nuovissimo MEIS, Museo Nazionale dell\u2019Ebraismo Italiano e della Shoah, ho scoperto una curiosit\u00e0 che non conoscevo. La colonna di Borso d\u2019Este, che si trova alla sinistra del volto del Cavallo, di fronte alla Cattedrale, se la si osserva bene \u00e8 costruita a strati con marmo rosa di Verona e pietra bianca d\u2019Istria. Ma come mai??? nel 1716 un devastante incendio impone la ricostruzione della colonna, sostituendo gran parte delle pietre, e per reperire il materiale si ricorse ai cimiteri ebraici, utilizzando le antiche lapidi in pietra bianca d\u2019Istria","og_url":"https:\/\/www.annunziata.it\/en\/tips\/la-colonna-e-le-pietre-tombali\/","og_site_name":"Hotel Annunziata","article_modified_time":"2022-03-16T15:38:29+00:00","twitter_card":"summary_large_image","twitter_misc":{"Est. reading time":"1 minute"},"schema":{"@context":"https:\/\/schema.org","@graph":[{"@type":"WebPage","@id":"https:\/\/www.annunziata.it\/en\/tips\/la-colonna-e-le-pietre-tombali\/","url":"https:\/\/www.annunziata.it\/en\/tips\/la-colonna-e-le-pietre-tombali\/","name":"La Colonna e le Pietre Tombali ~ Hotel Annunziata ~","isPartOf":{"@id":"https:\/\/www.annunziata.it\/en\/#website"},"datePublished":"2022-03-16T15:37:29+00:00","dateModified":"2022-03-16T15:38:29+00:00","description":"Durante la visita guidata al Ghetto Ebraico e al nuovissimo MEIS, Museo Nazionale dell\u2019Ebraismo Italiano e della Shoah, ho scoperto una curiosit\u00e0 che non conoscevo. La colonna di Borso d\u2019Este, che si trova alla sinistra del volto del Cavallo, di fronte alla Cattedrale, se la si osserva bene \u00e8 costruita a strati con marmo rosa di Verona e pietra bianca d\u2019Istria. Ma come mai??? nel 1716 un devastante incendio impone la ricostruzione della colonna, sostituendo gran parte delle pietre, e per reperire il materiale si ricorse ai cimiteri ebraici, utilizzando le antiche lapidi in pietra bianca d\u2019Istria","breadcrumb":{"@id":"https:\/\/www.annunziata.it\/en\/tips\/la-colonna-e-le-pietre-tombali\/#breadcrumb"},"inLanguage":"en-US","potentialAction":[{"@type":"ReadAction","target":["https:\/\/www.annunziata.it\/en\/tips\/la-colonna-e-le-pietre-tombali\/"]}]},{"@type":"BreadcrumbList","@id":"https:\/\/www.annunziata.it\/en\/tips\/la-colonna-e-le-pietre-tombali\/#breadcrumb","itemListElement":[{"@type":"ListItem","position":1,"name":"Home","item":"https:\/\/www.annunziata.it\/en\/"},{"@type":"ListItem","position":2,"name":"TIPS","item":"https:\/\/www.annunziata.it\/en\/tips\/"},{"@type":"ListItem","position":3,"name":"La Colonna e le Pietre Tombali"}]},{"@type":"WebSite","@id":"https:\/\/www.annunziata.it\/en\/#website","url":"https:\/\/www.annunziata.it\/en\/","name":"Hotel Annunziata","description":"Ecco un altro sito ms.decms.eu","potentialAction":[{"@type":"SearchAction","target":{"@type":"EntryPoint","urlTemplate":"https:\/\/www.annunziata.it\/en\/?s={search_term_string}"},"query-input":{"@type":"PropertyValueSpecification","valueRequired":true,"valueName":"search_term_string"}}],"inLanguage":"en-US"}]}},"acf":[],"_links":{"self":[{"href":"https:\/\/www.annunziata.it\/en\/wp-json\/wp\/v2\/pages\/991","targetHints":{"allow":["GET"]}}],"collection":[{"href":"https:\/\/www.annunziata.it\/en\/wp-json\/wp\/v2\/pages"}],"about":[{"href":"https:\/\/www.annunziata.it\/en\/wp-json\/wp\/v2\/types\/page"}],"author":[{"embeddable":true,"href":"https:\/\/www.annunziata.it\/en\/wp-json\/wp\/v2\/users\/13"}],"replies":[{"embeddable":true,"href":"https:\/\/www.annunziata.it\/en\/wp-json\/wp\/v2\/comments?post=991"}],"version-history":[{"count":0,"href":"https:\/\/www.annunziata.it\/en\/wp-json\/wp\/v2\/pages\/991\/revisions"}],"up":[{"embeddable":true,"href":"https:\/\/www.annunziata.it\/en\/wp-json\/wp\/v2\/pages\/881"}],"wp:attachment":[{"href":"https:\/\/www.annunziata.it\/en\/wp-json\/wp\/v2\/media?parent=991"}],"curies":[{"name":"wp","href":"https:\/\/api.w.org\/{rel}","templated":true}]}}